{"id":2,"date":"2016-05-10T03:48:21","date_gmt":"2016-05-10T03:48:21","guid":{"rendered":"http:\/\/lindenhof.mfr.land\/?page_id=2"},"modified":"2020-03-13T08:20:29","modified_gmt":"2020-03-13T08:20:29","slug":"sample-page","status":"publish","type":"page","link":"https:\/\/mfr.land\/","title":{"rendered":"Lindenhof"},"content":{"rendered":"<p>Seit Generationen k\u00fcmmern wir uns mit Leib und Seele um die K\u00fche unseres Betriebs. Dabei steht das Tierwohl an erster Stelle! Durch moderne Stallungen und deren technischer Einrichtung ist es uns m\u00f6glich, jederzeit eine optimale Situation f\u00fcr die Tierhaltung zu garantieren.<br \/>\nZu unserern Leidenschaften geh\u00f6rt zudem das Bewirtschaften und Pflegen der uns anvertrauten Fl\u00e4chen. Wir k\u00fcmmern uns um \u00c4cker, Wiesen, Flurwege, Gr\u00fcnstreifen und W\u00e4lder. Mit nachhaltiger und modernster Technik behalten wir die Artenvielfalt bei und stellen zugleich unseren K\u00fchen n\u00e4hrstoffreiche Nahrung bereit.<br \/>\nMit unserem Milchautomaten wollen wir die unverarbeitete Rohmilch, wie sie im Supermarkt heute nicht mehr zu finden ist, wieder unter die Leute bringen. Daher k\u00f6nnen Sie 24 Stunden t\u00e4glich frische Milch ab Hof zapfen.<br \/>\nWir bieten zudem einen Verleih verschiedenster Arbeitsger\u00e4te und Lohndrusch an.<br \/>\nJedem der Unterst\u00fctzung bei einem Projekt ben\u00f6tigt und dem die richtigen Arbeitsmittel fehlen, stehen wir mit Freuden zur Verf\u00fcgung. Nicht nur Zeit k\u00f6nnen sie sparen, sondern durch Anmieten lassen sich oft die Kosten ihres Projekts deutlich senken.<\/p>\n<p>Auch eine fasettenreiche Ausbildung f\u00fcr angehende Landwirte und Landwirtschaftsstudenten bieten wir an!<\/p>\n<p>Aufgeschlossen und verantwortungsbewusst stehen wir f\u00fcr unsere Region und leben unsere Familientradition im Gemeinwohl weiter.<\/p>\n<p>Genaures finden sie beim Weiterst\u00f6bern auf unserer Website.<\/p>\n","protected":false},"excerpt":{"rendered":"<p>Seit Generationen k\u00fcmmern wir uns mit Leib und Seele um die K\u00fche unseres Betriebs. Dabei steht das Tierwohl an erster Stelle! Durch moderne Stallungen und deren technischer Einrichtung ist es uns m\u00f6glich, jederzeit eine optimale Situation f\u00fcr die Tierhaltung zu garantieren. Zu unserern Leidenschaften geh\u00f6rt zudem das Bewirtschaften und Pflegen der uns anvertrauten Fl\u00e4chen. Wir &hellip; <\/p>\n<p class=\"link-more\"><a href=\"https:\/\/mfr.land\/\" class=\"more-link\"><span class=\"screen-reader-text\">\u201eLindenhof\u201c<\/span> weiterlesen<\/a><\/p>\n","protected":false},"author":1,"featured_media":243,"parent":0,"menu_order":0,"comment_status":"closed","ping_status":"open","template":"","meta":{"footnotes":""},"_links":{"self":[{"href":"https:\/\/mfr.land\/index.php?rest_route=\/wp\/v2\/pages\/2"}],"collection":[{"href":"https:\/\/mfr.land\/index.php?rest_route=\/wp\/v2\/pages"}],"about":[{"href":"https:\/\/mfr.land\/index.php?rest_route=\/wp\/v2\/types\/page"}],"author":[{"embeddable":true,"href":"https:\/\/mfr.land\/index.php?rest_route=\/wp\/v2\/users\/1"}],"replies":[{"embeddable":true,"href":"https:\/\/mfr.land\/index.php?rest_route=%2Fwp%2Fv2%2Fcomments&post=2"}],"version-history":[{"count":13,"href":"https:\/\/mfr.land\/index.php?rest_route=\/wp\/v2\/pages\/2\/revisions"}],"predecessor-version":[{"id":282,"href":"https:\/\/mfr.land\/index.php?rest_route=\/wp\/v2\/pages\/2\/revisions\/282"}],"wp:featuredmedia":[{"embeddable":true,"href":"https:\/\/mfr.land\/index.php?rest_route=\/wp\/v2\/media\/243"}],"wp:attachment":[{"href":"https:\/\/mfr.land\/index.php?rest_route=%2Fwp%2Fv2%2Fmedia&parent=2"}],"curies":[{"name":"wp","href":"https:\/\/api.w.org\/{rel}","templated":true}]}}